{"id":464,"date":"2026-02-04T07:55:42","date_gmt":"2026-02-04T06:55:42","guid":{"rendered":"https:\/\/pusignan-espritvillage.fr\/?page_id=464"},"modified":"2026-02-04T08:12:50","modified_gmt":"2026-02-04T07:12:50","slug":"mentions-legales","status":"publish","type":"page","link":"https:\/\/pusignan-espritvillage.fr\/index.php\/mentions-legales\/","title":{"rendered":"Mentions l\u00e9gales"},"content":{"rendered":"\t\t<div data-elementor-type=\"wp-page\" data-elementor-id=\"464\" class=\"elementor elementor-464\" data-elementor-settings=\"{&quot;element_pack_global_tooltip_width&quot;:{&quot;unit&quot;:&quot;px&quot;,&quot;size&quot;:&quot;&quot;,&quot;sizes&quot;:[]},&quot;element_pack_global_tooltip_width_tablet&quot;:{&quot;unit&quot;:&quot;px&quot;,&quot;size&quot;:&quot;&quot;,&quot;sizes&quot;:[]},&quot;element_pack_global_tooltip_width_mobile&quot;:{&quot;unit&quot;:&quot;px&quot;,&quot;size&quot;:&quot;&quot;,&quot;sizes&quot;:[]},&quot;element_pack_global_tooltip_padding&quot;:{&quot;unit&quot;:&quot;px&quot;,&quot;top&quot;:&quot;&quot;,&quot;right&quot;:&quot;&quot;,&quot;bottom&quot;:&quot;&quot;,&quot;left&quot;:&quot;&quot;,&quot;isLinked&quot;:true},&quot;element_pack_global_tooltip_padding_tablet&quot;:{&quot;unit&quot;:&quot;px&quot;,&quot;top&quot;:&quot;&quot;,&quot;right&quot;:&quot;&quot;,&quot;bottom&quot;:&quot;&quot;,&quot;left&quot;:&quot;&quot;,&quot;isLinked&quot;:true},&quot;element_pack_global_tooltip_padding_mobile&quot;:{&quot;unit&quot;:&quot;px&quot;,&quot;top&quot;:&quot;&quot;,&quot;right&quot;:&quot;&quot;,&quot;bottom&quot;:&quot;&quot;,&quot;left&quot;:&quot;&quot;,&quot;isLinked&quot;:true},&quot;element_pack_global_tooltip_border_radius&quot;:{&quot;unit&quot;:&quot;px&quot;,&quot;top&quot;:&quot;&quot;,&quot;right&quot;:&quot;&quot;,&quot;bottom&quot;:&quot;&quot;,&quot;left&quot;:&quot;&quot;,&quot;isLinked&quot;:true},&quot;element_pack_global_tooltip_border_radius_tablet&quot;:{&quot;unit&quot;:&quot;px&quot;,&quot;top&quot;:&quot;&quot;,&quot;right&quot;:&quot;&quot;,&quot;bottom&quot;:&quot;&quot;,&quot;left&quot;:&quot;&quot;,&quot;isLinked&quot;:true},&quot;element_pack_global_tooltip_border_radius_mobile&quot;:{&quot;unit&quot;:&quot;px&quot;,&quot;top&quot;:&quot;&quot;,&quot;right&quot;:&quot;&quot;,&quot;bottom&quot;:&quot;&quot;,&quot;left&quot;:&quot;&quot;,&quot;isLinked&quot;:true}}\">\n\t\t\t\t<div class=\"elementor-element elementor-element-df169dd elementor-hidden-mobile e-flex e-con-boxed e-con e-parent\" data-id=\"df169dd\" data-element_type=\"container\" data-e-type=\"container\" data-settings=\"{&quot;background_background&quot;:&quot;classic&quot;}\">\n\t\t\t\t\t<div class=\"e-con-inner\">\n\t\t<div class=\"elementor-element elementor-element-15425d2 e-con-full e-grid e-con e-child\" data-id=\"15425d2\" data-element_type=\"container\" data-e-type=\"container\">\n\t\t\t\t<div class=\"elementor-element elementor-element-4957db0 elementor-widget elementor-widget-text-editor\" data-id=\"4957db0\" data-element_type=\"widget\" data-e-type=\"widget\" data-widget_type=\"text-editor.default\">\n\t\t\t\t\t\t\t\t\t<p style=\"font-variant: normal;\"><span style=\"font-weight: normal;\">\u00c9lections municipales<\/span><\/p>\t\t\t\t\t\t\t\t<\/div>\n\t\t\t\t<div class=\"elementor-element elementor-element-836877b elementor-widget elementor-widget-image\" data-id=\"836877b\" data-element_type=\"widget\" data-e-type=\"widget\" data-widget_type=\"image.default\">\n\t\t\t\t\t\t\t\t\t\t\t\t\t\t\t\t<a href=\"https:\/\/pusignan-espritvillage.fr\">\n\t\t\t\t\t\t\t<img fetchpriority=\"high\" decoding=\"async\" width=\"1024\" height=\"951\" src=\"https:\/\/pusignan-espritvillage.fr\/wp-content\/uploads\/2026\/02\/LOGO_PUSIGNAN_ESPRIT_VILLAGE_2026-1024x951.png\" class=\"attachment-large size-large wp-image-7\" alt=\"\" srcset=\"https:\/\/pusignan-espritvillage.fr\/wp-content\/uploads\/2026\/02\/LOGO_PUSIGNAN_ESPRIT_VILLAGE_2026-1024x951.png 1024w, https:\/\/pusignan-espritvillage.fr\/wp-content\/uploads\/2026\/02\/LOGO_PUSIGNAN_ESPRIT_VILLAGE_2026-300x279.png 300w, https:\/\/pusignan-espritvillage.fr\/wp-content\/uploads\/2026\/02\/LOGO_PUSIGNAN_ESPRIT_VILLAGE_2026-768x713.png 768w, https:\/\/pusignan-espritvillage.fr\/wp-content\/uploads\/2026\/02\/LOGO_PUSIGNAN_ESPRIT_VILLAGE_2026-1536x1427.png 1536w, https:\/\/pusignan-espritvillage.fr\/wp-content\/uploads\/2026\/02\/LOGO_PUSIGNAN_ESPRIT_VILLAGE_2026.png 1643w\" sizes=\"(max-width: 1024px) 100vw, 1024px\" \/>\t\t\t\t\t\t\t\t<\/a>\n\t\t\t\t\t\t\t\t\t\t\t\t\t\t\t<\/div>\n\t\t\t\t<div class=\"elementor-element elementor-element-23d787d elementor-widget elementor-widget-text-editor\" data-id=\"23d787d\" data-element_type=\"widget\" data-e-type=\"widget\" data-widget_type=\"text-editor.default\">\n\t\t\t\t\t\t\t\t\t<p style=\"font-variant: normal;\"><strong>Mars 2026<\/strong><\/p>\t\t\t\t\t\t\t\t<\/div>\n\t\t\t\t<\/div>\n\t\t\t\t\t<\/div>\n\t\t\t\t<\/div>\n\t\t<div class=\"elementor-element elementor-element-aa9d7e5 e-flex e-con-boxed e-con e-parent\" data-id=\"aa9d7e5\" data-element_type=\"container\" data-e-type=\"container\">\n\t\t\t\t\t<div class=\"e-con-inner\">\n\t\t\t\t<div class=\"elementor-element elementor-element-51c2752 elementor-widget elementor-widget-text-editor\" data-id=\"51c2752\" data-element_type=\"widget\" data-e-type=\"widget\" data-widget_type=\"text-editor.default\">\n\t\t\t\t\t\t\t\t\t<p class=\"p1\"><b>Mentions l\u00e9gales<\/b><\/p><p><!-- notionvc: ae8b5083-62cb-4e13-b1b8-2892a1da854e --><\/p><p><!-- notionvc: 8d55dea8-097a-4c22-a32f-2ba9055fc7d6 --><\/p>\t\t\t\t\t\t\t\t<\/div>\n\t\t\t\t<div class=\"elementor-element elementor-element-b25d647 elementor-widget elementor-widget-text-editor\" data-id=\"b25d647\" data-element_type=\"widget\" data-e-type=\"widget\" data-widget_type=\"text-editor.default\">\n\t\t\t\t\t\t\t\t\t<p>\u00c9diteur du site : Liste \u201cPusignan l\u2019Esprit Village\u201d<br \/>Responsable de publication : Andr\u00e9 Roibet<\/p>\t\t\t\t\t\t\t\t<\/div>\n\t\t\t\t<div class=\"elementor-element elementor-element-8fd9570 elementor-widget elementor-widget-text-editor\" data-id=\"8fd9570\" data-element_type=\"widget\" data-e-type=\"widget\" data-widget_type=\"text-editor.default\">\n\t\t\t\t\t\t\t\t\t<p>Contact<\/p>\t\t\t\t\t\t\t\t<\/div>\n\t\t\t\t<div class=\"elementor-element elementor-element-437b04f elementor-widget elementor-widget-text-editor\" data-id=\"437b04f\" data-element_type=\"widget\" data-e-type=\"widget\" data-widget_type=\"text-editor.default\">\n\t\t\t\t\t\t\t\t\t<p>E-mail :<br \/>T\u00e9l\u00e9phone :<\/p>\t\t\t\t\t\t\t\t<\/div>\n\t\t\t\t<div class=\"elementor-element elementor-element-9fe21cf elementor-widget elementor-widget-text-editor\" data-id=\"9fe21cf\" data-element_type=\"widget\" data-e-type=\"widget\" data-widget_type=\"text-editor.default\">\n\t\t\t\t\t\t\t\t\t<p>Objet<\/p>\t\t\t\t\t\t\t\t<\/div>\n\t\t\t\t<div class=\"elementor-element elementor-element-4167a31 elementor-widget elementor-widget-text-editor\" data-id=\"4167a31\" data-element_type=\"widget\" data-e-type=\"widget\" data-widget_type=\"text-editor.default\">\n\t\t\t\t\t\t\t\t\t<p>Ce site est un site de campagne \u00e9lectorale pour les \u00e9lections municipales de mars 2026 \u00e0 Pusignan.<\/p>\t\t\t\t\t\t\t\t<\/div>\n\t\t\t\t<div class=\"elementor-element elementor-element-8ba9128 elementor-widget elementor-widget-text-editor\" data-id=\"8ba9128\" data-element_type=\"widget\" data-e-type=\"widget\" data-widget_type=\"text-editor.default\">\n\t\t\t\t\t\t\t\t\t<p>H\u00e9bergeur<\/p>\t\t\t\t\t\t\t\t<\/div>\n\t\t\t\t<div class=\"elementor-element elementor-element-5c5abb9 elementor-widget elementor-widget-text-editor\" data-id=\"5c5abb9\" data-element_type=\"widget\" data-e-type=\"widget\" data-widget_type=\"text-editor.default\">\n\t\t\t\t\t\t\t\t\t<p>H\u00e9bergeur : OVH<br \/>Adresse :\u00a0<br \/>T\u00e9l\u00e9phone :<\/p>\t\t\t\t\t\t\t\t<\/div>\n\t\t\t\t\t<\/div>\n\t\t\t\t<\/div>\n\t\t<div class=\"elementor-element elementor-element-7ea0164 e-con-full e-flex e-con e-parent\" data-id=\"7ea0164\" data-element_type=\"container\" data-e-type=\"container\" data-settings=\"{&quot;background_background&quot;:&quot;classic&quot;}\">\n\t\t<div class=\"elementor-element elementor-element-8bc2319 e-con-full e-flex e-con e-child\" data-id=\"8bc2319\" data-element_type=\"container\" data-e-type=\"container\">\n\t\t\t\t<div class=\"elementor-element elementor-element-bf4fa49 elementor-widget elementor-widget-text-editor\" data-id=\"bf4fa49\" data-element_type=\"widget\" data-e-type=\"widget\" data-widget_type=\"text-editor.default\">\n\t\t\t\t\t\t\t\t\t<p>Site de campagne de la liste \u201cPusignan l\u2019Esprit Village\u201d \u2013 \u00c9lections municipales 2026 \u2013 Pusignan<\/p>\t\t\t\t\t\t\t\t<\/div>\n\t\t\t\t<div class=\"elementor-element elementor-element-8ab1f17 elementor-align-center elementor-mobile-align-center elementor-widget-mobile__width-inherit elementor-widget elementor-widget-button\" data-id=\"8ab1f17\" data-element_type=\"widget\" data-e-type=\"widget\" data-widget_type=\"button.default\">\n\t\t\t\t\t\t\t\t\t\t<a class=\"elementor-button elementor-button-link elementor-size-sm\" href=\"https:\/\/pusignan-espritvillage.fr\/index.php\/mentions-legales\/\">\n\t\t\t\t\t\t<span class=\"elementor-button-content-wrapper\">\n\t\t\t\t\t\t\t\t\t<span class=\"elementor-button-text\">Mentions l\u00e9gales<\/span>\n\t\t\t\t\t<\/span>\n\t\t\t\t\t<\/a>\n\t\t\t\t\t\t\t\t<\/div>\n\t\t\t\t<\/div>\n\t\t\t\t<\/div>\n\t\t\t\t<\/div>\n\t\t","protected":false},"excerpt":{"rendered":"<p>\u00c9lections municipales Mars 2026 Mentions l\u00e9gales \u00c9diteur du site : Liste \u201cPusignan l\u2019Esprit Village\u201dResponsable de publication : Andr\u00e9 Roibet Contact E-mail :T\u00e9l\u00e9phone : Objet Ce site est un site de campagne \u00e9lectorale pour les \u00e9lections municipales de mars 2026 \u00e0 Pusignan. H\u00e9bergeur H\u00e9bergeur : OVHAdresse :\u00a0T\u00e9l\u00e9phone : Site de campagne de la liste \u201cPusignan l\u2019Esprit [&hellip;]<\/p>\n","protected":false},"author":1,"featured_media":0,"parent":0,"menu_order":0,"comment_status":"closed","ping_status":"closed","template":"elementor_canvas","meta":{"footnotes":""},"class_list":["post-464","page","type-page","status-publish","hentry"],"yoast_head":"<!-- This site is optimized with the Yoast SEO plugin v27.1.1 - https:\/\/yoast.com\/product\/yoast-seo-wordpress\/ -->\n<title>Mentions l\u00e9gales - \u00c9lections municipales 2026 \u00e0 Pusignan | Andr\u00e9 Roibet<\/title>\n<meta name=\"robots\" content=\"index, follow, max-snippet:-1, max-image-preview:large, max-video-preview:-1\" \/>\n<link rel=\"canonical\" href=\"https:\/\/pusignan-espritvillage.fr\/index.php\/mentions-legales\/\" \/>\n<meta property=\"og:locale\" content=\"fr_FR\" \/>\n<meta property=\"og:type\" content=\"article\" \/>\n<meta property=\"og:title\" content=\"Mentions l\u00e9gales - \u00c9lections municipales 2026 \u00e0 Pusignan | Andr\u00e9 Roibet\" \/>\n<meta property=\"og:description\" content=\"\u00c9lections municipales Mars 2026 Mentions l\u00e9gales \u00c9diteur du site : Liste \u201cPusignan l\u2019Esprit Village\u201dResponsable de publication : Andr\u00e9 Roibet Contact E-mail :T\u00e9l\u00e9phone : Objet Ce site est un site de campagne \u00e9lectorale pour les \u00e9lections municipales de mars 2026 \u00e0 Pusignan. H\u00e9bergeur H\u00e9bergeur : OVHAdresse :\u00a0T\u00e9l\u00e9phone : Site de campagne de la liste \u201cPusignan l\u2019Esprit [&hellip;]\" \/>\n<meta property=\"og:url\" content=\"https:\/\/pusignan-espritvillage.fr\/index.php\/mentions-legales\/\" \/>\n<meta property=\"og:site_name\" content=\"\u00c9lections municipales 2026 \u00e0 Pusignan | Andr\u00e9 Roibet\" \/>\n<meta property=\"article:publisher\" content=\"https:\/\/www.facebook.com\/people\/Pusignan-LEsprit-Village\/61582785235829\/\" \/>\n<meta property=\"article:modified_time\" content=\"2026-02-04T07:12:50+00:00\" \/>\n<meta property=\"og:image\" content=\"http:\/\/pusignan-espritvillage.fr\/wp-content\/uploads\/2026\/02\/LOGO_PUSIGNAN_ESPRIT_VILLAGE_2026-1024x951.png\" \/>\n<meta name=\"twitter:card\" content=\"summary_large_image\" \/>\n<script type=\"application\/ld+json\" class=\"yoast-schema-graph\">{\"@context\":\"https:\/\/schema.org\",\"@graph\":[{\"@type\":\"WebPage\",\"@id\":\"https:\/\/pusignan-espritvillage.fr\/index.php\/mentions-legales\/\",\"url\":\"https:\/\/pusignan-espritvillage.fr\/index.php\/mentions-legales\/\",\"name\":\"Mentions l\u00e9gales - \u00c9lections municipales 2026 \u00e0 Pusignan | Andr\u00e9 Roibet\",\"isPartOf\":{\"@id\":\"http:\/\/pusignan-espritvillage.fr\/#website\"},\"primaryImageOfPage\":{\"@id\":\"https:\/\/pusignan-espritvillage.fr\/index.php\/mentions-legales\/#primaryimage\"},\"image\":{\"@id\":\"https:\/\/pusignan-espritvillage.fr\/index.php\/mentions-legales\/#primaryimage\"},\"thumbnailUrl\":\"http:\/\/pusignan-espritvillage.fr\/wp-content\/uploads\/2026\/02\/LOGO_PUSIGNAN_ESPRIT_VILLAGE_2026-1024x951.png\",\"datePublished\":\"2026-02-04T06:55:42+00:00\",\"dateModified\":\"2026-02-04T07:12:50+00:00\",\"breadcrumb\":{\"@id\":\"https:\/\/pusignan-espritvillage.fr\/index.php\/mentions-legales\/#breadcrumb\"},\"inLanguage\":\"fr-FR\",\"potentialAction\":[{\"@type\":\"ReadAction\",\"target\":[\"https:\/\/pusignan-espritvillage.fr\/index.php\/mentions-legales\/\"]}]},{\"@type\":\"ImageObject\",\"inLanguage\":\"fr-FR\",\"@id\":\"https:\/\/pusignan-espritvillage.fr\/index.php\/mentions-legales\/#primaryimage\",\"url\":\"http:\/\/pusignan-espritvillage.fr\/wp-content\/uploads\/2026\/02\/LOGO_PUSIGNAN_ESPRIT_VILLAGE_2026-1024x951.png\",\"contentUrl\":\"http:\/\/pusignan-espritvillage.fr\/wp-content\/uploads\/2026\/02\/LOGO_PUSIGNAN_ESPRIT_VILLAGE_2026-1024x951.png\"},{\"@type\":\"BreadcrumbList\",\"@id\":\"https:\/\/pusignan-espritvillage.fr\/index.php\/mentions-legales\/#breadcrumb\",\"itemListElement\":[{\"@type\":\"ListItem\",\"position\":1,\"name\":\"Accueil\",\"item\":\"https:\/\/www.pusignan-espritvillage.fr\/\"},{\"@type\":\"ListItem\",\"position\":2,\"name\":\"Mentions l\u00e9gales\"}]},{\"@type\":\"WebSite\",\"@id\":\"http:\/\/pusignan-espritvillage.fr\/#website\",\"url\":\"http:\/\/pusignan-espritvillage.fr\/\",\"name\":\"Pusignan Esprit Village\",\"description\":\"Site officiel de la campagne municipale 2026 \u00e0 Pusignan. Projet, vision et engagements port\u00e9s par Andr\u00e9 Roibet.\",\"publisher\":{\"@id\":\"http:\/\/pusignan-espritvillage.fr\/#organization\"},\"potentialAction\":[{\"@type\":\"SearchAction\",\"target\":{\"@type\":\"EntryPoint\",\"urlTemplate\":\"http:\/\/pusignan-espritvillage.fr\/?s={search_term_string}\"},\"query-input\":{\"@type\":\"PropertyValueSpecification\",\"valueRequired\":true,\"valueName\":\"search_term_string\"}}],\"inLanguage\":\"fr-FR\"},{\"@type\":\"Organization\",\"@id\":\"http:\/\/pusignan-espritvillage.fr\/#organization\",\"name\":\"Pusignan Esprit Village\",\"url\":\"http:\/\/pusignan-espritvillage.fr\/\",\"logo\":{\"@type\":\"ImageObject\",\"inLanguage\":\"fr-FR\",\"@id\":\"http:\/\/pusignan-espritvillage.fr\/#\/schema\/logo\/image\/\",\"url\":\"http:\/\/pusignan-espritvillage.fr\/wp-content\/uploads\/2026\/02\/cropped-LOGO_PUSIGNAN_ESPRIT_VILLAGE_2026.png\",\"contentUrl\":\"http:\/\/pusignan-espritvillage.fr\/wp-content\/uploads\/2026\/02\/cropped-LOGO_PUSIGNAN_ESPRIT_VILLAGE_2026.png\",\"width\":512,\"height\":512,\"caption\":\"Pusignan Esprit Village\"},\"image\":{\"@id\":\"http:\/\/pusignan-espritvillage.fr\/#\/schema\/logo\/image\/\"},\"sameAs\":[\"https:\/\/www.facebook.com\/people\/Pusignan-LEsprit-Village\/61582785235829\/\"]}]}<\/script>\n<!-- \/ Yoast SEO plugin. -->","yoast_head_json":{"title":"Mentions l\u00e9gales - \u00c9lections municipales 2026 \u00e0 Pusignan | Andr\u00e9 Roibet","robots":{"index":"index","follow":"follow","max-snippet":"max-snippet:-1","max-image-preview":"max-image-preview:large","max-video-preview":"max-video-preview:-1"},"canonical":"https:\/\/pusignan-espritvillage.fr\/index.php\/mentions-legales\/","og_locale":"fr_FR","og_type":"article","og_title":"Mentions l\u00e9gales - \u00c9lections municipales 2026 \u00e0 Pusignan | Andr\u00e9 Roibet","og_description":"\u00c9lections municipales Mars 2026 Mentions l\u00e9gales \u00c9diteur du site : Liste \u201cPusignan l\u2019Esprit Village\u201dResponsable de publication : Andr\u00e9 Roibet Contact E-mail :T\u00e9l\u00e9phone : Objet Ce site est un site de campagne \u00e9lectorale pour les \u00e9lections municipales de mars 2026 \u00e0 Pusignan. H\u00e9bergeur H\u00e9bergeur : OVHAdresse :\u00a0T\u00e9l\u00e9phone : Site de campagne de la liste \u201cPusignan l\u2019Esprit [&hellip;]","og_url":"https:\/\/pusignan-espritvillage.fr\/index.php\/mentions-legales\/","og_site_name":"\u00c9lections municipales 2026 \u00e0 Pusignan | Andr\u00e9 Roibet","article_publisher":"https:\/\/www.facebook.com\/people\/Pusignan-LEsprit-Village\/61582785235829\/","article_modified_time":"2026-02-04T07:12:50+00:00","og_image":[{"url":"http:\/\/pusignan-espritvillage.fr\/wp-content\/uploads\/2026\/02\/LOGO_PUSIGNAN_ESPRIT_VILLAGE_2026-1024x951.png","type":"","width":"","height":""}],"twitter_card":"summary_large_image","schema":{"@context":"https:\/\/schema.org","@graph":[{"@type":"WebPage","@id":"https:\/\/pusignan-espritvillage.fr\/index.php\/mentions-legales\/","url":"https:\/\/pusignan-espritvillage.fr\/index.php\/mentions-legales\/","name":"Mentions l\u00e9gales - \u00c9lections municipales 2026 \u00e0 Pusignan | Andr\u00e9 Roibet","isPartOf":{"@id":"http:\/\/pusignan-espritvillage.fr\/#website"},"primaryImageOfPage":{"@id":"https:\/\/pusignan-espritvillage.fr\/index.php\/mentions-legales\/#primaryimage"},"image":{"@id":"https:\/\/pusignan-espritvillage.fr\/index.php\/mentions-legales\/#primaryimage"},"thumbnailUrl":"http:\/\/pusignan-espritvillage.fr\/wp-content\/uploads\/2026\/02\/LOGO_PUSIGNAN_ESPRIT_VILLAGE_2026-1024x951.png","datePublished":"2026-02-04T06:55:42+00:00","dateModified":"2026-02-04T07:12:50+00:00","breadcrumb":{"@id":"https:\/\/pusignan-espritvillage.fr\/index.php\/mentions-legales\/#breadcrumb"},"inLanguage":"fr-FR","potentialAction":[{"@type":"ReadAction","target":["https:\/\/pusignan-espritvillage.fr\/index.php\/mentions-legales\/"]}]},{"@type":"ImageObject","inLanguage":"fr-FR","@id":"https:\/\/pusignan-espritvillage.fr\/index.php\/mentions-legales\/#primaryimage","url":"http:\/\/pusignan-espritvillage.fr\/wp-content\/uploads\/2026\/02\/LOGO_PUSIGNAN_ESPRIT_VILLAGE_2026-1024x951.png","contentUrl":"http:\/\/pusignan-espritvillage.fr\/wp-content\/uploads\/2026\/02\/LOGO_PUSIGNAN_ESPRIT_VILLAGE_2026-1024x951.png"},{"@type":"BreadcrumbList","@id":"https:\/\/pusignan-espritvillage.fr\/index.php\/mentions-legales\/#breadcrumb","itemListElement":[{"@type":"ListItem","position":1,"name":"Accueil","item":"https:\/\/www.pusignan-espritvillage.fr\/"},{"@type":"ListItem","position":2,"name":"Mentions l\u00e9gales"}]},{"@type":"WebSite","@id":"http:\/\/pusignan-espritvillage.fr\/#website","url":"http:\/\/pusignan-espritvillage.fr\/","name":"Pusignan Esprit Village","description":"Site officiel de la campagne municipale 2026 \u00e0 Pusignan. Projet, vision et engagements port\u00e9s par Andr\u00e9 Roibet.","publisher":{"@id":"http:\/\/pusignan-espritvillage.fr\/#organization"},"potentialAction":[{"@type":"SearchAction","target":{"@type":"EntryPoint","urlTemplate":"http:\/\/pusignan-espritvillage.fr\/?s={search_term_string}"},"query-input":{"@type":"PropertyValueSpecification","valueRequired":true,"valueName":"search_term_string"}}],"inLanguage":"fr-FR"},{"@type":"Organization","@id":"http:\/\/pusignan-espritvillage.fr\/#organization","name":"Pusignan Esprit Village","url":"http:\/\/pusignan-espritvillage.fr\/","logo":{"@type":"ImageObject","inLanguage":"fr-FR","@id":"http:\/\/pusignan-espritvillage.fr\/#\/schema\/logo\/image\/","url":"http:\/\/pusignan-espritvillage.fr\/wp-content\/uploads\/2026\/02\/cropped-LOGO_PUSIGNAN_ESPRIT_VILLAGE_2026.png","contentUrl":"http:\/\/pusignan-espritvillage.fr\/wp-content\/uploads\/2026\/02\/cropped-LOGO_PUSIGNAN_ESPRIT_VILLAGE_2026.png","width":512,"height":512,"caption":"Pusignan Esprit Village"},"image":{"@id":"http:\/\/pusignan-espritvillage.fr\/#\/schema\/logo\/image\/"},"sameAs":["https:\/\/www.facebook.com\/people\/Pusignan-LEsprit-Village\/61582785235829\/"]}]}},"_links":{"self":[{"href":"https:\/\/pusignan-espritvillage.fr\/index.php\/wp-json\/wp\/v2\/pages\/464","targetHints":{"allow":["GET"]}}],"collection":[{"href":"https:\/\/pusignan-espritvillage.fr\/index.php\/wp-json\/wp\/v2\/pages"}],"about":[{"href":"https:\/\/pusignan-espritvillage.fr\/index.php\/wp-json\/wp\/v2\/types\/page"}],"author":[{"embeddable":true,"href":"https:\/\/pusignan-espritvillage.fr\/index.php\/wp-json\/wp\/v2\/users\/1"}],"replies":[{"embeddable":true,"href":"https:\/\/pusignan-espritvillage.fr\/index.php\/wp-json\/wp\/v2\/comments?post=464"}],"version-history":[{"count":28,"href":"https:\/\/pusignan-espritvillage.fr\/index.php\/wp-json\/wp\/v2\/pages\/464\/revisions"}],"predecessor-version":[{"id":496,"href":"https:\/\/pusignan-espritvillage.fr\/index.php\/wp-json\/wp\/v2\/pages\/464\/revisions\/496"}],"wp:attachment":[{"href":"https:\/\/pusignan-espritvillage.fr\/index.php\/wp-json\/wp\/v2\/media?parent=464"}],"curies":[{"name":"wp","href":"https:\/\/api.w.org\/{rel}","templated":true}]}}